{"id":7,"date":"2019-12-10T02:47:29","date_gmt":"2019-12-10T01:47:29","guid":{"rendered":"https:\/\/magicdancefloor.wordpress.com\/?page_id=2"},"modified":"2019-12-10T02:47:29","modified_gmt":"2019-12-10T01:47:29","slug":"home","status":"publish","type":"page","link":"https:\/\/magicdancefloor.com\/","title":{"rendered":"ACCUEIL"},"content":{"rendered":"\n<h2 class=\"has-text-align-center wp-block-heading\"><strong>MAGIC DANCEFLOOR<\/strong><\/h2>\n\n\n\n<h3 class=\"has-text-align-center has-accent-color has-text-color wp-block-heading\"><strong><span class=\"has-inline-color has-background-color\">JONGLERIE LUMINEUSE<\/span><\/strong><\/h3>\n\n\n\n<div class=\"wp-block-columns alignwide has-3-columns is-layout-flex wp-container-core-columns-layout-1 wp-block-columns-is-layout-flex\">\n<div class=\"wp-block-column is-layout-flow wp-block-column-is-layout-flow\">\n<h6 class=\"has-text-align-center wp-block-heading\"><strong>   UN CONCEPT IN\u00c9DIT !   <\/strong>   <br><\/h6>\n\n\n\n<p class=\"has-text-align-justify\">Cr\u00e9ez la surprise avec cette animation nocturne originale de jonglerie lumineuse, en plein air ou dans un espace semi-couvert pour les particuliers et les professionnels du spectacle, (dans le respect des r\u00e8gles sanitaires applicables.)<\/p>\n\n\n\n<p class=\"has-text-align-justify\">Un spectacle \u00e0 votre \u00ab\u00a0image\u00a0\u00bb&#8230;<br>Jusqu\u2019\u00e0 4 programmes lumineux personnalis\u00e9s avec le nom, le sigle, le texte, les images ou les photos de votre choix.<br><br><strong>Magic Dancefloor Solo<\/strong><br>&#8211; 1 artiste de jonglerie lumineuse<br><strong>Magic Dancefloor Duo<\/strong><br>&#8211; 2 artistes de jonglerie lumineuse<br><strong>Magic Dancefloor Trio<\/strong><br>&#8211; 2 artistes de jonglerie lumineuse + 1 Dj<br><\/p>\n\n\n\n<p class=\"has-text-align-left has-primary-color has-background-background-color has-text-color has-background\"><br><\/p>\n<\/div>\n\n\n\n<div class=\"wp-block-column is-layout-flow wp-block-column-is-layout-flow\">\n<h6 class=\"has-text-align-left wp-block-heading\">         <\/h6>\n\n\n\n<p class=\"has-text-align-justify has-primary-color has-background-background-color has-text-color has-background\">Les animations lumineuses sont mises en valeur par des artistes exp\u00e9riment\u00e9s, que ce soit sur une plage, dans un jardin, sur le pont d\u2019un bateau, dans la cour d\u2019un ch\u00e2teau ou sur le toit d\u2019un immeuble.<br><br><br><br><br><br><br><\/p>\n<\/div>\n\n\n\n<div class=\"wp-block-column is-layout-flow wp-block-column-is-layout-flow\">\n<h6 class=\"has-text-align-left wp-block-heading\">         ABONNEZ-VOUS&#8230;<\/h6>\n\n\n\n<p class=\"has-text-align-justify has-primary-color has-background-background-color has-text-color has-background has-small-font-size\"><amp-fit-text layout=\"fixed-height\" min-font-size=\"6\" max-font-size=\"72\" height=\"80\">Abonnez-vous \u00e0 notre site <\/amp-fit-text>et regardez les derni\u00e8res photos en ligne sur magicdancefloor.com !<\/p>\n\n\n\n<p>     <\/p>\n<\/div>\n<\/div>\n\n\n\n<div style=\"height:16px;\" aria-hidden=\"true\" class=\"wp-block-spacer desktop-only\"><\/div>\n\n\n\n<div class=\"wp-block-media-text alignwide is-stacked-on-mobile has-background has-foreground-dark-background-color has-background\" style=\"grid-template-columns:49% auto;\"><figure class=\"wp-block-media-text__media\"><img loading=\"lazy\" decoding=\"async\" width=\"745\" height=\"757\" src=\"https:\/\/magicdancefloor.com\/wp-content\/uploads\/2021\/02\/img_20190831_210817.jpg?w=745\" alt=\"\" class=\"wp-image-527 size-full\" srcset=\"https:\/\/magicdancefloor.com\/wp-content\/uploads\/2021\/02\/img_20190831_210817.jpg 745w, https:\/\/magicdancefloor.com\/wp-content\/uploads\/2021\/02\/img_20190831_210817-295x300.jpg 295w\" sizes=\"(max-width: 745px) 100vw, 745px\" \/><\/figure><div class=\"wp-block-media-text__content\">\n<p class=\"has-drop-cap has-text-align-justify has-primary-color has-background-background-color has-text-color has-background has-small-font-size\">Un show lumineux qui s&rsquo;adapte aux contraintes artistiques et techniques du spectacle vivant.<br>Contraintes techniques<br>&#8211;\u00a0espace minimum requis : <br>  largeur 5 m, profondeur 5 m, hauteur 2,50 m<br>&#8211; noir indispensable <br>  (\u00e9teindre les sources lumineuses \u00e0 proximit\u00e9)<br><br>  Spectacle et animation \u00e0 partir de 150\u20ac<br>  (Magic Dancefloor Solo)<br>  Devis sur demande<\/p>\n<\/div><\/div>\n\n\n\n<div style=\"height:16px;\" aria-hidden=\"true\" class=\"wp-block-spacer desktop-only\"><\/div>\n\n\n\n<div class=\"wp-block-columns alignwide has-2-columns contact-section is-layout-flex wp-container-core-columns-layout-2 wp-block-columns-is-layout-flex\">\n<div class=\"wp-block-column is-layout-flow wp-block-column-is-layout-flow\">\n<h6 class=\"has-text-align-left wp-block-heading\">Contactez-nous<\/h6>\n\n\n\n<div class=\"wp-block-jetpack-contact-info\">\n<div class=\"wp-block-jetpack-address\"><div><span class=\"jetpack-address__city\">City<\/span>, <span class=\"jetpack-address__region\">Montpellier<\/span> <span class=\"jetpack-address__postal\">34000<\/span><\/div><div class=\"jetpack-address__country\">FRANCE<\/div><\/div>\n\n\n\n<div class=\"wp-block-jetpack-email\"><a href=\"mailto:contact.magicdancefloor@gmail.com\">contact.magicdancefloor@gmail.com<\/a><\/div>\n\n\n\n<p><\/p>\n<\/div>\n<\/div>\n\n\n\n<div class=\"wp-block-column is-layout-flow wp-block-column-is-layout-flow\">\n<h6 class=\"has-text-align-left wp-block-heading\">Envoyez-nous un message<\/h6>\n\n\n\n\n\n\n\n\n\n\n\n\n<\/div>\n<\/div>\n\n\n\n<hr class=\"wp-block-separator is-style-wide\" \/>\n","protected":false},"excerpt":{"rendered":"<p>MAGIC DANCEFLOOR JONGLERIE LUMINEUSE UN CONCEPT IN\u00c9DIT ! Cr\u00e9ez la surprise avec cette animation nocturne originale de jonglerie lumineuse, en plein air ou dans un espace semi-couvert pour les particuliers et les professionnels du spectacle, (dans le respect des r\u00e8gles sanitaires applicables.) Un spectacle \u00e0 votre \u00ab\u00a0image\u00a0\u00bb&#8230;Jusqu\u2019\u00e0 4 programmes lumineux personnalis\u00e9s avec le nom, le [&hellip;]<\/p>\n","protected":false},"author":1,"featured_media":146,"parent":0,"menu_order":0,"comment_status":"closed","ping_status":"closed","template":"templates\/template-cover.php","meta":{"footnotes":""},"_links":{"self":[{"href":"https:\/\/magicdancefloor.com\/index.php?rest_route=\/wp\/v2\/pages\/7"}],"collection":[{"href":"https:\/\/magicdancefloor.com\/index.php?rest_route=\/wp\/v2\/pages"}],"about":[{"href":"https:\/\/magicdancefloor.com\/index.php?rest_route=\/wp\/v2\/types\/page"}],"author":[{"embeddable":true,"href":"https:\/\/magicdancefloor.com\/index.php?rest_route=\/wp\/v2\/users\/1"}],"replies":[{"embeddable":true,"href":"https:\/\/magicdancefloor.com\/index.php?rest_route=%2Fwp%2Fv2%2Fcomments&post=7"}],"version-history":[{"count":0,"href":"https:\/\/magicdancefloor.com\/index.php?rest_route=\/wp\/v2\/pages\/7\/revisions"}],"wp:featuredmedia":[{"embeddable":true,"href":"https:\/\/magicdancefloor.com\/index.php?rest_route=\/wp\/v2\/media\/146"}],"wp:attachment":[{"href":"https:\/\/magicdancefloor.com\/index.php?rest_route=%2Fwp%2Fv2%2Fmedia&parent=7"}],"curies":[{"name":"wp","href":"https:\/\/api.w.org\/{rel}","templated":true}]}}